{"id":285,"date":"2019-10-29T17:54:56","date_gmt":"2019-10-29T17:54:56","guid":{"rendered":"http:\/\/uap.rojochina.com\/?page_id=285"},"modified":"2019-10-29T17:54:56","modified_gmt":"2019-10-29T17:54:56","slug":"terapia-psicologica-para-afrontar-intervenciones-fisicas","status":"publish","type":"page","link":"http:\/\/www.uap.cat\/cas\/terapia-psicologica-para-afrontar-intervenciones-fisicas\/","title":{"rendered":"Terapia psicol\u00f3gica para afrontar intervenciones f\u00edsicas"},"content":{"rendered":"\n<p><\/p>\n\n\n\n<p><img loading=\"lazy\" decoding=\"async\" width=\"74\" height=\"74\" class=\"wp-image-449\" style=\"width: 74px;\" src=\"http:\/\/www.uap.cat\/cas\/wp-content\/uploads\/2019\/11\/icons8-documents-40.png\" alt=\"\">  La Unitat d&#8217;Atenci\u00f3 Psicol\u00f2gica (UAP) es un gabinete privado de psicolog\u00eda cl\u00ednica que sigue una orientaci\u00f3n cognitivo-conductual. Esta es la corriente actual mayoritaria y se ha mostrado muy eficaz para tratar la mayor\u00eda de trastornos psicol\u00f3gicos.<br><br>El objetivo principal por el que fue creada la UAP es el de ofrecer un servicio psicol\u00f3gico especializado para mejorar la calidad de vida de las personas.<br><br>La UAP est\u00e1 formada por un equipo de psic\u00f3logos especializados en determinados trastornos y entre ellos, uno de los m\u00e1s destacados es el tratamiento psicol\u00f3gico para afrontar operaciones y trasplantes.<br><br>De ah\u00ed surgi\u00f3 nuestro inter\u00e9s para colaborar con el Club de Trasplantados Hep\u00e1ticos de la Ciudad Sanitaria y Universitaria de Bellvitge. Ofrecer un apoyo psicol\u00f3gico a las personas que deb\u00edan someterse a un trasplante o que ya la hab\u00edan sufrido era nuestra carta de presentaci\u00f3n. La direcci\u00f3n se mostr\u00f3 muy interesada en establecer una colaboraci\u00f3n para ofrecer apoyo psicol\u00f3gico a todos los miembros del Club y familiares que lo desearan.<br><br>Los trasplantes son situaciones poco habituales y complejas. Generan en la mayor parte de personas un gran estr\u00e9s e inestabilidad emocional, as\u00ed como muchas preguntas y muchos miedos: Miedo al dolor, a sufrir m\u00e1s operaciones, a la esperanza de vida, la muerte, el rechazo a un \u00f3rgano no propio y el cambio de condiciones vitales, entre otros.<br><br>En el momento en que los m\u00e9dicos comunican que una persona necesita un trasplante es cuando surge la ansiedad.<br><br>En muchos casos aparece un trastorno de ansiedad y\/o afectivo como consecuencia de la nueva situaci\u00f3n. Los pensamientos negativos suelen colapsar la mente en estos momentos.<br><br>Mantener un buen estado de \u00e1nimo, reducir la ansiedad y asimilar el problema, superando la rabia y la impotencia iniciales, son imprescindibles para afrontar todas las pruebas e ingresos previos, disminuir su impacto y favorecer una m\u00e1s r\u00e1pida preparaci\u00f3n a la operaci\u00f3n. Las personas m\u00e1s cercanas pueden sentirse igual o peor que el enfermo por no saber darle un apoyo eficaz. Es en este periodo donde la terapia psicol\u00f3gica puede ayudar al afectado y a sus familiares a no sentirse colapsada, desesperanzada y atemorizada, proporcion\u00e1ndole informaci\u00f3n (siempre de acuerdo con su m\u00e9dico de referencia), reestructurando los temores y los pensamientos negativos y proporcion\u00e1ndole estrategias.<br><br>En el post-operatorio es muy importante el estado de \u00e1nimo para poder agilizar la recuperaci\u00f3n. Una mente serena, esperanzada y tranquila favorecer\u00e1 una mejor y m\u00e1s r\u00e1pida recuperaci\u00f3n post-operatoria y una mayor esperanza de vida. Desde la UAP queremos felicitar al Club y a todos los miembros que form\u00e1is parte por la gran labor que est\u00e1 llevando a cabo ayudando a personas que como ustedes se han de enfrentar a un trasplante de h\u00edgado.<br><br>Os animamos a continuar con esta energ\u00eda y estas ganas de vivir. Felicidades!<\/p>\n","protected":false},"excerpt":{"rendered":"<p>La Unitat d&#8217;Atenci\u00f3 Psicol\u00f2gica (UAP) es un gabinete privado de psicolog\u00eda cl\u00ednica que sigue una orientaci\u00f3n cognitivo-conductual. Esta es la&hellip;<\/p>\n","protected":false},"author":1,"featured_media":0,"parent":0,"menu_order":0,"comment_status":"closed","ping_status":"closed","template":"","meta":{"footnotes":""},"class_list":["post-285","page","type-page","status-publish","hentry"],"_links":{"self":[{"href":"http:\/\/www.uap.cat\/cas\/wp-json\/wp\/v2\/pages\/285","targetHints":{"allow":["GET"]}}],"collection":[{"href":"http:\/\/www.uap.cat\/cas\/wp-json\/wp\/v2\/pages"}],"about":[{"href":"http:\/\/www.uap.cat\/cas\/wp-json\/wp\/v2\/types\/page"}],"author":[{"embeddable":true,"href":"http:\/\/www.uap.cat\/cas\/wp-json\/wp\/v2\/users\/1"}],"replies":[{"embeddable":true,"href":"http:\/\/www.uap.cat\/cas\/wp-json\/wp\/v2\/comments?post=285"}],"version-history":[{"count":0,"href":"http:\/\/www.uap.cat\/cas\/wp-json\/wp\/v2\/pages\/285\/revisions"}],"wp:attachment":[{"href":"http:\/\/www.uap.cat\/cas\/wp-json\/wp\/v2\/media?parent=285"}],"curies":[{"name":"wp","href":"https:\/\/api.w.org\/{rel}","templated":true}]}}