{"id":312,"date":"2019-10-29T18:15:58","date_gmt":"2019-10-29T18:15:58","guid":{"rendered":"http:\/\/uap.rojochina.com\/?page_id=312"},"modified":"2019-12-03T18:39:52","modified_gmt":"2019-12-03T18:39:52","slug":"tratamiento-psicologico-para-enfermos-cronicos","status":"publish","type":"page","link":"http:\/\/www.uap.cat\/cas\/tratamiento-psicologico-para-enfermos-cronicos\/","title":{"rendered":"Tratamiento psicol\u00f3gico para enfermos cr\u00f3nicos"},"content":{"rendered":"\n<p><img loading=\"lazy\" decoding=\"async\" width=\"74\" height=\"74\" class=\"wp-image-449\" style=\"width: 74px;\" src=\"http:\/\/www.uap.cat\/cas\/wp-content\/uploads\/2019\/11\/icons8-documents-40.png\" alt=\"\"> La Unidad de Atenci\u00f3n Psicol\u00f3gica (UAP) es un gabinete privado de psicolog\u00eda cl\u00ednica que sigue una orientaci\u00f3n cognitivo-conductual.<br><br>Esta es la corriente actual mayoritaria y se ha mostrado muy eficaz para tratar la mayor\u00eda de trastornos psicol\u00f3gicos. Se diferencia de otras tendencias psicol\u00f3gicas, sobre todo, por el papel activo que adquiere el paciente.<br><br>El objetivo principal por el que fue creada la UAP es el de ofrecer un servicio psicol\u00f3gico especializado para mejorar la calidad de vida de las personas.<br><br>Uno de los \u00e1mbitos donde creemos que es necesario ofrecer un mayor apoyo psicol\u00f3gico es el de las enfermedades cr\u00f3nicas y las discapacidades f\u00edsicas y sensoriales, las cuales comportan una clara repercusi\u00f3n psicol\u00f3gica debido a la interferencia que provocan en la vida del enfermo y de sus familiares.<br><br>Este programa quiere ser una propuesta de tratamiento para ayudar a mejorar el bienestar de las personas que padecen una enfermedad cr\u00f3nica o una disminuci\u00f3n f\u00edsica o sensorial<br><\/p>\n\n\n\n<h2 class=\"wp-block-heading\">Las enfermedades cr\u00f3nicas y las discapacidades f\u00edsicas<\/h2>\n\n\n\n<p>Diabetes, esclerosis m\u00faltiple, Corea de Huntington, c\u00e1ncer, problemas cardio\u00acvasculares, VIH, dolor, fibromialgia, fatiga, depresiones y trastornos de ansiedad, forman parte de un largo etc\u00e9tera de lo que podr\u00edamos considerar enfermedades cr\u00f3nicas.<br><br>Una enfermedad cr\u00f3nica es aquella que tiene una larga duraci\u00f3n en el tiempo y muchas veces empeora su sintomatolog\u00eda hasta provocar la muerte.<br><br>Sin embargo, no siempre implica que haya de haber un deterioro progresivo y consiguiente p\u00e9rdida de calidad de vida del enfermo. En algunas enfermedades, el afectado puede curarse o mejorar notablemente.<br><br>Muchas enfermedades generan una disminuci\u00f3n f\u00edsica debido a la propia sintomatolog\u00eda y la evoluci\u00f3n de la enfermedad, pero tambi\u00e9n hay que mencionar las discapacidades f\u00edsicas provocadas por accidentes o lesiones.<br><br>Hoy en d\u00eda, los accidentes de tr\u00e1fico ocupan la primera causa de disminuciones f\u00edsicas seguidos por los accidentes laborales.<br><br>Tetraplejia, paraplej\u00edas, amputaciones, malformaciones gen\u00e9ticas y lesiones graves, entre otros, llevan a una minusval\u00eda m\u00e1s o menos severa que afecta a la autonom\u00eda del discapacitado.<br><br>El programa va dirigido a las personas que son conscientes de que est\u00e1n sufriendo una enfermedad o una discapacidad. Por lo tanto, podr\u00edamos excluir varias enfermedades mentales o discapacidades ps\u00edquicas donde no hay una plena conciencia. Ejemplos de estas \u00faltimas ser\u00edan algunos tipos de esquizofrenias, demencias o par\u00e1lisis cerebrales.<br><br>Es importante diferenciar dos momentos a la hora de enfocar el tratamiento psicol\u00f3gico: el momento del diagn\u00f3stico de la enfermedad o de haber sufrido el accidente, y el de la convivencia d\u00eda a d\u00eda con la enfermedad o disminuci\u00f3n una vez superados los primeros tiempos de asimilaci\u00f3n. En ambos hay una importante repercusi\u00f3n psicol\u00f3gica.<br><br>La rabia, la impotencia, la negaci\u00f3n y la depresi\u00f3n suelen ser las reacciones cognitivas que tienen los afectados y sus familias durante los primeros d\u00edas debido al cambio brusco en las condiciones de vida. Proporcionar ayuda en el momento de comunicar el diagn\u00f3stico y durante estos momentos de asimilaci\u00f3n del problema son esenciales para que el afectado pueda tener unas estrategias psicol\u00f3gicas que le permitan afrontar mejor la situaci\u00f3n.<br><br>Las grandes preocupaciones y miedos sobre la evoluci\u00f3n de la enfermedad, la autonom\u00eda personal, la carga que percibe el enfermo hacia sus cuidadores, el cambio de objetivos vitales y en algunos casos sobre la muerte, son aspectos que suelen generar una gran desesperaci\u00f3n que puede llevar a desarrollar un trastorno psicol\u00f3gico del estado de \u00e1nimo o de ansiedad como m\u00e1s frecuentes.<br><br>La interferencia se suele manifestar en todos los \u00e1mbitos de la vida: familiar, social y laboral provocando severos cambios de rol del afectado en estos, junto con la incapacidad laboral.<br><br>Convivir el d\u00eda a d\u00eda con una enfermedad o discapacidad depender\u00e1 del grado de severidad o limitaci\u00f3n de la misma. Sin embargo, la repercusi\u00f3n psicol\u00f3gica siempre estar\u00e1 presente en menor o mayor grado. Por ello, es importante dar un apoyo psicol\u00f3gico para mejorar la calidad de vida del afectado y evitar o minimizar posibles trastornos psicol\u00f3gicos com\u00f3rbidos.<br><br>Adem\u00e1s, la ayuda de los familiares y amigos es imprescindible para proporcionar apoyo al afectado. Por eso, muchas veces se trabaja conjuntamente con ellos, d\u00e1ndoles informaci\u00f3n y estrategias para que entiendan mejor el proceso que est\u00e1 viviendo el afectado y por lo tanto, le puedan dar la atenci\u00f3n adecuada.<br><br>Tambi\u00e9n se hace necesario en muchos casos, dar un apoyo psicol\u00f3gico a los familiares debido a la importante repercusi\u00f3n que tiene el problema en ellos. A continuaci\u00f3n presentamos la propuesta de tratamiento que desde la UAP se ha considerado m\u00e1s adecuada para tratar este tipo de problemas.<br><\/p>\n\n\n\n<h2 class=\"wp-block-heading\">Programa de tratamiento<\/h2>\n\n\n\n<p>El tratamiento se hace de forma personalizada para cada paciente en funci\u00f3n de sus necesidades y demandas, as\u00ed como tambi\u00e9n depender\u00e1 del tipo, pron\u00f3stico, gravedad e interferencia de la enfermedad o disminuci\u00f3n.<br><br>Como ya hemos comentado, el tratamiento ser\u00e1 espec\u00edfico para los dos momentos: el de los primeros tiempos de convivencia con el diagn\u00f3stico y el de convivir con el problema.<br><br>Sin embargo, la terapia para tratar esta problem\u00e1tica sigue unas pautas comunes que pueden variar de un tratamiento a otro haciendo m\u00e1s \u00e9nfasis en una u otra \u00e1rea.<br><br>La terapia que ofrecemos, siempre se estructura de acuerdo con los m\u00e9dicos que llevan al enfermo y el contacto es constante e imprescindible. Tambi\u00e9n se est\u00e1 en contacto permanente con los familiares y amigos del paciente, como ya se ha mencionado anteriormente.<br><br>Cabe destacar las terapias grupales. Estas se han mostrado muy eficaces en este tipo de problem\u00e1ticas porque permiten tener informaci\u00f3n de la enfermedad a trav\u00e9s de personas que la padecen, aprender diferentes estrategias y tener un apoyo mutuo. Siempre que haya la oportunidad y el paciente est\u00e9 de acuerdo se optar\u00e1 por hacer un tratamiento que combinar\u00e1 la terapia individual con la grupal.<br><br>Por \u00faltimo, cabe decir que en este tipo de terapias se plantean diferentes objetivos a pesar de que lo que los engloba a todos son los de favorecer la asimilaci\u00f3n, aumentar el estado de \u00e1nimo, reducir la ansiedad y los miedos y potenciar una reinserci\u00f3n social, como m\u00e1s importantes.<br><br>El tratamiento act\u00faa en tres niveles:<br><br>-nivel fisiol\u00f3gico<br>-nivel cognitivo<br>-nivel conductual<br><\/p>\n\n\n\n<h3 class=\"wp-block-heading\"><strong>Nivel fisiol\u00f3gico:<\/strong><\/h3>\n\n\n\n<p><br>Muchas veces la interferencia que provoca el problema, genera una ansiedad permanente que perjudica al afectado agravando la sintomatolog\u00eda de la enfermedad y potenciando el bajo estado de \u00e1nimo. Por ello, en este \u00e1mbito, se trata principalmente de reducir el nivel de ansiedad y conseguir un nivel de activaci\u00f3n adecuado.<br><br>Por este motivo se hace un entrenamiento en respiraci\u00f3n y relajaci\u00f3n con la modalidad que m\u00e1s se adecue al paciente:<br><br>-relajaci\u00f3n progresiva<br>-relajaci\u00f3n aut\u00f3gena<br>-relajaci\u00f3n a trav\u00e9s de la imaginaci\u00f3n<br>-t\u00e9cnicas de inervaci\u00f3n vagal<br>-entrenamiento en respiraci\u00f3n controlada.<br><\/p>\n\n\n\n<h3 class=\"wp-block-heading\"><strong>Nivel cognitivo:<\/strong><\/h3>\n\n\n\n<p><br>La asimilaci\u00f3n de la enfermedad y el convivir d\u00eda a d\u00eda con las limitaciones generan unos pensamientos negativos que son el objetivo a perseguir en el nivel cognitivo. Estos pensamientos negativos van dirigidos a la p\u00e9rdida de esperanza, al miedo al rechazo y a la p\u00e9rdida de autoestima, entre otros.<br><br>Las t\u00e9cnicas m\u00e1s utilizadas son las siguientes:<br><br>&#8211; Descarga emocional.<br>-Identificaci\u00f3n de pensamientos negativos y reestructuraci\u00f3n cognitiva de los mismos.<br>-Resoluci\u00f3n de problemas ante la nueva situaci\u00f3n y las nuevas condiciones f\u00edsicas.<br>-Utilizaci\u00f3n de la imaginaci\u00f3n y la simulaci\u00f3n para cambiar pensamientos, adquirir estrategias y adaptarse a la situaci\u00f3n.<br>-T\u00e9cnicas espec\u00edficas para mejorar la autoestima.<br>-En caso necesario, utilizaci\u00f3n de t\u00e9cnicas espec\u00edficas para trabajar las preocupaciones: parada del pensamiento y tiempo limitado dedicado a las preocupaciones.<br>-Entrenamiento en adquirir nuevas estrategias psicol\u00f3gicas para hacer frente a la situaci\u00f3n.<br>-Adem\u00e1s, se le proporciona informaci\u00f3n sobre su enfermedad y pron\u00f3stico una vez acordada con el m\u00e9dico.<br>-Afrontamiento ante la muerte si la enfermedad es degenerativa y el paciente presenta miedos y ansiedades.<br><\/p>\n\n\n\n<h3 class=\"wp-block-heading\"><strong>Nivel conductual:<\/strong><\/h3>\n\n\n\n<p><br>El estado de \u00e1nimo ser\u00e1 un aspecto primordial a tener en cuenta en todas las fases. Para mantener un buen estado de \u00e1nimo es necesario tener una vida relativamente activa, por lo que se acuerda con el paciente una planificaci\u00f3n del tiempo adaptada a sus circunstancias que incluya diversas actividades gratificantes especialmente a nivel social pero tambi\u00e9n a nivel individual.<br><br>Lo que m\u00e1s destacamos es trabajar favoreciendo nuevas estrategias para potenciar la autonom\u00eda del paciente adem\u00e1s de las habilidades sociales que se pueden ver deterioradas ante el posible cambio en las condiciones f\u00edsicas. Por ello, las simulaciones de situaciones ansi\u00f3genas y la exposici\u00f3n progresiva a \u00e9stas son esenciales para mejorar la autonom\u00eda personal.<\/p>\n","protected":false},"excerpt":{"rendered":"<p>La Unidad de Atenci\u00f3n Psicol\u00f3gica (UAP) es un gabinete privado de psicolog\u00eda cl\u00ednica que sigue una orientaci\u00f3n cognitivo-conductual. Esta es&hellip;<\/p>\n","protected":false},"author":1,"featured_media":0,"parent":0,"menu_order":0,"comment_status":"closed","ping_status":"closed","template":"","meta":{"footnotes":""},"class_list":["post-312","page","type-page","status-publish","hentry"],"_links":{"self":[{"href":"http:\/\/www.uap.cat\/cas\/wp-json\/wp\/v2\/pages\/312","targetHints":{"allow":["GET"]}}],"collection":[{"href":"http:\/\/www.uap.cat\/cas\/wp-json\/wp\/v2\/pages"}],"about":[{"href":"http:\/\/www.uap.cat\/cas\/wp-json\/wp\/v2\/types\/page"}],"author":[{"embeddable":true,"href":"http:\/\/www.uap.cat\/cas\/wp-json\/wp\/v2\/users\/1"}],"replies":[{"embeddable":true,"href":"http:\/\/www.uap.cat\/cas\/wp-json\/wp\/v2\/comments?post=312"}],"version-history":[{"count":1,"href":"http:\/\/www.uap.cat\/cas\/wp-json\/wp\/v2\/pages\/312\/revisions"}],"predecessor-version":[{"id":647,"href":"http:\/\/www.uap.cat\/cas\/wp-json\/wp\/v2\/pages\/312\/revisions\/647"}],"wp:attachment":[{"href":"http:\/\/www.uap.cat\/cas\/wp-json\/wp\/v2\/media?parent=312"}],"curies":[{"name":"wp","href":"https:\/\/api.w.org\/{rel}","templated":true}]}}