{"id":263,"date":"2019-10-23T21:15:00","date_gmt":"2019-10-23T21:15:00","guid":{"rendered":"http:\/\/uap.rojochina.com\/?page_id=263"},"modified":"2021-11-02T17:27:39","modified_gmt":"2021-11-02T17:27:39","slug":"quan-una-terapia-no-funciona","status":"publish","type":"page","link":"http:\/\/www.uap.cat\/cat\/quan-una-terapia-no-funciona\/","title":{"rendered":"Quan una ter\u00e0pia no funciona"},"content":{"rendered":"\n<p>Hi ha diversos motius pels quals una ter\u00e0pia pot fracassar o fins i tot ser contraproduent (agreujar el problema\/es que presenta la persona). Tot seguit en citem alguns dels m\u00e9s freq\u00fcents ja que expliquen els abandonaments i fracassos terap\u00e8utics que tenim a la UAP (un 18,23% dels casos):&nbsp;<\/p>\n\n\n\n<p>1- El\/la pacient&nbsp;<em>no respecta el temps<\/em>&nbsp;de tractament. Vol millorar en un temps que el seu problema no permet.<\/p>\n\n\n\n<p><em>2-&nbsp;<\/em>El\/la pacient busca \u201ccurar-se\u201d o millorar&nbsp;<em>sense esfor\u00e7 ni implicaci\u00f3<\/em>. Per exemple, no fa les tasques ni aplica les estrat\u00e8gies que proposem entre sessions. Busca&nbsp;<em>la vareta m\u00e0gica.<\/em><\/p>\n\n\n\n<p>3- El\/la pacient \u00e9s&nbsp;<em>molt r\u00edgid<\/em>&nbsp;\/a en els seus pensaments o creences provocant una gran resist\u00e8ncia al canvi. No fa cas dels consells i opcions del psic\u00f2leg o no posa en dubte els propis pensaments.<\/p>\n\n\n\n<p>4-&nbsp;El\/la pacient&nbsp;<em>no t\u00e9 confian\u00e7a en el canvi<\/em>&nbsp;i pensa que \u201cjo s\u00f3c aix\u00ed\u201d o que les persones no canviem. Pensa que el que t\u00e9 \u00e9s gen\u00e8tic o innat.<\/p>\n\n\n\n<p>5- El\/la pacient pot ser autodestructiu: pot tenir molta tend\u00e8ncia a la negativitat i la passivitat.<\/p>\n\n\n\n<p>6- El\/la pacient&nbsp;<em>no confia<\/em>&nbsp;en la psicologia.<\/p>\n\n\n\n<p>7-&nbsp;El\/la pacient&nbsp;<em>no vol millorar<\/em>&nbsp;perqu\u00e8 troba avantatges en la seva manera de ser. Pot ser victimista.<\/p>\n\n\n\n<p>8-&nbsp;El\/la pacient&nbsp;<em>no accepta<\/em>&nbsp;que el psic\u00f2leg li digui certes coses. No accepta posar en dubte certes creences o principis per tal de poder millorar el seu estat.<\/p>\n\n\n\n<p>9- El\/la pacient no sap com funciona una ter\u00e0pia i vol fer un tractament a la seva mida.<\/p>\n\n\n\n<p>10- El\/la pacient es mostra&nbsp;<em>molt exigent<\/em>&nbsp;en la ter\u00e0pia. Q\u00fcestiona les t\u00e8cniques i el temps creant un clima de tensi\u00f3 que provoca un mal treball i una mala relaci\u00f3 terap\u00e8utica, dinamitant el tractament.<\/p>\n\n\n\n<p>11- El\/la pacient presenta una baixa capacitat intel.lectual o cultural.<\/p>\n\n\n\n<p>12- El\/la pacient presenta una baixa capacitat d\u2019introspecci\u00f3 o d\u2019an\u00e0lisis: no sap veure d\u2019on provenen les emocions que sent i no sap analitzar-se a si mateix. Podeu veure a l&#8217;apartat de&nbsp;<a href=\"javascript:comcanviar();\">com canviar<\/a><\/p>\n\n\n\n<p>13-&nbsp;<em>La limitaci\u00f3 de la psicologia<\/em>&nbsp;en la millora o curaci\u00f3 de determinats trastorns.<\/p>\n\n\n\n<p>14-&nbsp;<em>La cronicitat<\/em>&nbsp;del problema i les recaigudes tingudes.<\/p>\n\n\n\n<p>15- Determinats trastorns i dificultats que per la seva tipologia presenten alguns dels factors esmentats en els darrers punts.<\/p>\n\n\n\n<p>16- Alguns trastorns que presenten un&nbsp;<em>mal pron\u00f2stic<\/em>&nbsp;per si sols.<\/p>\n\n\n\n<p>17- Alguns trets de personalitat o de car\u00e0cter del \/la pacient que dificulten la ter\u00e0pia: depend\u00e8ncia, falta de for\u00e7a de voluntat, impaci\u00e8ncia, rigidesa, exig\u00e8ncia, impulsivitat, susceptiblitat, suspic\u00e0cia, &#8230;.<\/p>\n\n\n\n<p>18- No s\u2019estableix una bona relaci\u00f3 terap\u00e8utica psic\u00f2leg-pacient.<\/p>\n\n\n\n<p>A la&nbsp;<strong>UAP<\/strong>&nbsp;aconsellem que una persona que vol iniciar una ter\u00e0pia, ha de tenir en compte aquests punts per tal d\u2019afavorir un tractament efica\u00e7 aix\u00ed com saber \u201cqu\u00e8 \u00e9s una ter\u00e0pia\u201d i \u201cqu\u00e8 \u00e9s la psicologia\u201d. Informaci\u00f3 que donem a la nostra web.<\/p>\n\n\n\n<h2 class=\"wp-block-heading\"><strong>Exemples de fracasos i abandonaments;<\/strong><\/h2>\n\n\n\n<h3 class=\"wp-block-heading\"><strong>Pedro, 37 anys<\/strong>. Insomni greu<\/h3>\n\n\n\n<p>El pacient abandona la ter\u00e0pia i acudeix a un altre psic\u00f2leg despr\u00e9s de 26 sessions a la UAP havent empitjorat molt l\u2019estat d\u2019ansietat i insomni. No funcionen les estrat\u00e8gies per l\u2019insomni. Ell sempre ens demana noves estrat\u00e8gies.<br>La seva extrema rigidesa mental el fa obsessionar-se en estar b\u00e9 ja i aix\u00f2 li provoca un deteriorament sever. No t\u00e9 capacitat d\u2019introspecci\u00f3 i presenta problem\u00e0tiques de fons importants que nega i no deixa treballar a la ter\u00e0pia. L\u2019insomni \u00e9s un s\u00edmptoma del seu estat interior.<\/p>\n\n\n\n<h3 class=\"wp-block-heading\"><strong>Maria, 31 anys<\/strong>. Depressi\u00f3<\/h3>\n\n\n\n<p>La pacient abandona la ter\u00e0pia despr\u00e9s de 16 sessions perqu\u00e8 no respecta el temps de ter\u00e0pia on en el seu tractament seria necess\u00e0ries m\u00e9s de 40 sessions. A m\u00e9s, la pacient no confiava en el canvi i venia a confirmar que \u201c\u00e9s un cas perdut\u201d. En aquest cas, ella mateixa destrueix la seva vida i s\u2019impedeix de millorar.<br>La causa de la depressi\u00f3 era deguda a un Trastorn paranoide amb pron\u00f2stic greu.<\/p>\n\n\n\n<h3 class=\"wp-block-heading\"><strong>Silvia, 41 anys<\/strong>. Impulsivitat<\/h3>\n\n\n\n<p>Pacient&nbsp; que presenta una gran impulsivitat que la fa abandonar la ter\u00e0pia al cap de 17 sessions. La pr\u00f2pia impulsiviat impedeix treballar els problemes i &nbsp;tenir \u00e8xit.<br>Presenta un estat d\u2019ansietat i de depressi\u00f3 com a conseq\u00fc\u00e8ncia de la impulsivitat.<\/p>\n\n\n\n<h3 class=\"wp-block-heading\"><strong>N\u00faria, 36 anys<\/strong>. Immaduresa.<\/h3>\n\n\n\n<p>Pacient que continua buscant \u201cel pr\u00edncep blau\u201d despr\u00e9s de 3 relacions llargues plenes de sofriment i maltractament. Es nega a renunciar al concepte waltdisneyi\u00e0 i abandona la ter\u00e0pia al cap de 12 sessions enfadada i amb molta irascibiliat contra el psic\u00f2leg (el qual representa el m\u00f3n real). El seu proc\u00e9s depressiu continua perqu\u00e8 viu d\u2019esquenes a la realitat.<\/p>\n\n\n\n<h3 class=\"wp-block-heading\"><strong>Jordi, 43 anys<\/strong>. Depressi\u00f3 i irascibilitat (megalomania)<\/h3>\n\n\n\n<p>Pacient que pensa que \u201cel m\u00f3n \u00e9s una merda\u201d i que no pot ser feli\u00e7 de cap manera. Despr\u00e9s de 45 sessions, es conven\u00e7 que ni la psicologia el pot ajudar i aix\u00f2 el fa conv\u00e8ncer\u2019s de que \u00e9s un \u201ccas perdut\u201d. En el fons, ell mai ha fet l\u2019esfor\u00e7 per a variar la seva vida ni les seves creences buscant continuar el proc\u00e9s autodestructiu.<\/p>\n\n\n\n<h3 class=\"wp-block-heading\"><strong>Anna, 35 anys<\/strong>. Vaginisme.<\/h3>\n\n\n\n<p>Podr\u00edem dir que la ter\u00e0pia va ser exitosa pel problema de vaginisme per\u00f2 no es va concloure. Es van fer 47 sessions i la pacient, que al principi havia provat en 2 altres centres, millora progressivament la seva disfunci\u00f3 fins al punt d\u2019haver eliminat el vaginisme. Per\u00f2 el problema est\u00e0 en quan ha de tenir relaci\u00f3 amb penetraci\u00f3 amb el seu home. Aqu\u00ed \u00e9s on observem una gran resist\u00e8ncia de la pacient que havent superat el vaginisme no li queda cap altra ra\u00f3 que acceptar els arguments de la UAP de que hi ha una problem\u00e0tica de parella encoberta o de que no s\u2019estima al seu xicot. Ella deixa d\u2019acudir a la ter\u00e0pia despr\u00e9s d\u2019aquest comentari.<br>Creiem que la pacient no va voler acceptar la crua realitat ja que ella en la \u00faltima sessi\u00f3, ens va dir que no podria ser tan valenta com per a tornar a comen\u00e7ar en la seva vida. El vaginisme era, en aquest cas, un s\u00edmptoma d\u2019una parella morta.<\/p>\n\n\n\n<h3 class=\"wp-block-heading\"><strong>Marc i Elba. 40 i 37 anys<\/strong>. Problemes de parella<\/h3>\n\n\n\n<p>Acudeixen 17 sessions a la UAP, nom\u00e9s 4 sessions conjuntes i les altres individuals.<br>Fa 6 mesos que es van con\u00e8ixer i van anar a viure junts. Presenten una incompatibilitat gaireb\u00e9 total de molts aspectes per\u00f2 ells volen continuar junts malgrat el mal que s\u2019estan fent. L\u2019Elba boicoteja constantment la ter\u00e0pia i a la 17 sessi\u00f3 els hi comentem que no veiem cap possibilitat que puguin viure tranquils, aconsellant la separaci\u00f3. No l\u2019accepten.<br>(Aquest cas no el podr\u00edem considerar com un frac\u00e0s terap\u00e8utic perqu\u00e8 vam poder aconsellar la separaci\u00f3 per\u00f2 el comentem per tal de veure que no vam&nbsp; aconseguir el que ens demanava la parella: continuar junts. La psicologia persegueix l\u2019objectiu d\u2019ajudar a ser felices a les persones. En aquest cas, el millor per la felicitat de cadasc\u00fa, era la separaci\u00f3).<\/p>\n\n\n\n<h3 class=\"wp-block-heading\"><strong>Elba, 32 anys<\/strong>. Trastorn obsessiu<\/h3>\n\n\n\n<p>En aquest cas, el propi trastorn greu fa que el pron\u00f2stic sigui dolent i tot i la gran lluita de la UAP, la pacient, despr\u00e9s de 42 sessions abandona la ter\u00e0pia amb el convenciment que no pot canviar. La millora durant la ter\u00e0pia va ser moderada en alguns casos per\u00f2 la pacient va recaure totalment, tamb\u00e9 per un estat depressiu i una introspecci\u00f3 baixa que van provocar una gran resist\u00e8ncia al canvi.<\/p>\n\n\n\n<div class=\"wp-block-image\"><figure class=\"aligncenter size-full\"><img loading=\"lazy\" decoding=\"async\" width=\"94\" height=\"97\" src=\"http:\/\/www.uap.cat\/cat\/wp-content\/uploads\/2019\/10\/cropped-UAP_Logo-1.jpg\" alt=\"\" class=\"wp-image-352\"\/><\/figure><\/div>\n","protected":false},"excerpt":{"rendered":"<p>Hi ha diversos motius pels quals una ter\u00e0pia pot fracassar o fins i tot ser contraproduent (agreujar el problema\/es que&hellip;<\/p>\n","protected":false},"author":1,"featured_media":0,"parent":0,"menu_order":0,"comment_status":"closed","ping_status":"closed","template":"","meta":{"footnotes":""},"class_list":["post-263","page","type-page","status-publish","hentry"],"_links":{"self":[{"href":"http:\/\/www.uap.cat\/cat\/wp-json\/wp\/v2\/pages\/263","targetHints":{"allow":["GET"]}}],"collection":[{"href":"http:\/\/www.uap.cat\/cat\/wp-json\/wp\/v2\/pages"}],"about":[{"href":"http:\/\/www.uap.cat\/cat\/wp-json\/wp\/v2\/types\/page"}],"author":[{"embeddable":true,"href":"http:\/\/www.uap.cat\/cat\/wp-json\/wp\/v2\/users\/1"}],"replies":[{"embeddable":true,"href":"http:\/\/www.uap.cat\/cat\/wp-json\/wp\/v2\/comments?post=263"}],"version-history":[{"count":2,"href":"http:\/\/www.uap.cat\/cat\/wp-json\/wp\/v2\/pages\/263\/revisions"}],"predecessor-version":[{"id":796,"href":"http:\/\/www.uap.cat\/cat\/wp-json\/wp\/v2\/pages\/263\/revisions\/796"}],"wp:attachment":[{"href":"http:\/\/www.uap.cat\/cat\/wp-json\/wp\/v2\/media?parent=263"}],"curies":[{"name":"wp","href":"https:\/\/api.w.org\/{rel}","templated":true}]}}